{"id":432,"date":"2024-07-11T15:11:33","date_gmt":"2024-07-11T15:11:33","guid":{"rendered":"https:\/\/www.mouillage-corse.com\/history\/"},"modified":"2024-07-15T14:09:52","modified_gmt":"2024-07-15T14:09:52","slug":"history","status":"publish","type":"page","link":"https:\/\/www.mouillage-corse.com\/en\/history\/","title":{"rendered":"History"},"content":{"rendered":"\t\t<div data-elementor-type=\"wp-page\" data-elementor-id=\"432\" class=\"elementor elementor-432 elementor-136\">\n\t\t\t\t<div class=\"elementor-element elementor-element-0df4b0a e-flex e-con-boxed e-con e-parent\" data-id=\"0df4b0a\" data-element_type=\"container\">\n\t\t\t\t\t<div class=\"e-con-inner\">\n\t\t\t\t<div class=\"elementor-element elementor-element-701330b elementor-widget elementor-widget-text-editor\" data-id=\"701330b\" data-element_type=\"widget\" data-widget_type=\"text-editor.default\">\n\t\t\t\t<div class=\"elementor-widget-container\">\n\t\t\t<style>\/*! elementor - v3.23.0 - 25-07-2024 *\/\n.elementor-widget-text-editor.elementor-drop-cap-view-stacked .elementor-drop-cap{background-color:#69727d;color:#fff}.elementor-widget-text-editor.elementor-drop-cap-view-framed .elementor-drop-cap{color:#69727d;border:3px solid;background-color:transparent}.elementor-widget-text-editor:not(.elementor-drop-cap-view-default) .elementor-drop-cap{margin-top:8px}.elementor-widget-text-editor:not(.elementor-drop-cap-view-default) .elementor-drop-cap-letter{width:1em;height:1em}.elementor-widget-text-editor .elementor-drop-cap{float:left;text-align:center;line-height:1;font-size:50px}.elementor-widget-text-editor .elementor-drop-cap-letter{display:inline-block}<\/style>\t\t\t\t<p>Development and management of\u00a0\u00a0<a class=\"link2\" href=\"https:\/\/www.mouillage-corse.com\/pdfs\/mouillages_de_plaisance.pdf\" target=\"_blank\" rel=\"noopener\"><strong>for pleasure craft<\/strong><\/a>\u00a0have been organized since\u00a0<a class=\"link2\" href=\"https:\/\/www.mouillage-corse.com\/pdfs\/loi_littoral.pdf\" target=\"_blank\" rel=\"noopener\"><strong>the &#8220;coastal&#8221; law<\/strong><\/a>.<\/p><p>\u00a0<\/p><p>The berths thus created are intended for seasonal parking and for accommodating boaters who are unable to find space in the harbors during the summer months.<br \/>For their part, users have a more varied offering, also corresponding to a different type of boating.<\/p><p>The commune of\u00a0\u00a0<a class=\"link2\" href=\"http:\/\/www.porto-vecchio.fr\/\" target=\"_blank\" rel=\"noopener\"><strong>Porto Vecchio<\/strong><\/a>\u00a0has been part of this approach since 2002. Following public consultation in 2003, the Santa Giulia organized anchorage was officially created by\u00a0\u00a0<a class=\"link2\" href=\"https:\/\/www.mouillage-corse.com\/pdfs\/arrete_AOT_04-0661.pdf\" target=\"_blank\" rel=\"noopener\"><strong>arr\u00eat\u00e9 inter pr\u00e9fectoral n\u00b0 04-661 du 23 avril 2004<\/strong><\/a>.<\/p>\t\t\t\t\t\t<\/div>\n\t\t\t\t<\/div>\n\t\t\t\t<div class=\"elementor-element elementor-element-fa7d6e6 elementor-widget elementor-widget-text-editor\" data-id=\"fa7d6e6\" data-element_type=\"widget\" data-widget_type=\"text-editor.default\">\n\t\t\t\t<div class=\"elementor-widget-container\">\n\t\t\t\t\t\t\t<p>In March 2007, the municipality selected&nbsp;<a class=\"link2\" href=\"http:\/\/www.aztech-marine.com\/\" target=\"_blank\" rel=\"noopener\"><strong>Aztech Marine<\/strong><\/a>&nbsp;to set up and manage the zone.<\/p>\n<p>The mooring became operational in May 2007.<\/p>\n<p>Installation with alternative anchors&nbsp;<a class=\"link2\" href=\"http:\/\/foresightproducts.com\/mantaapp.html\" target=\"_blank\" rel=\"noopener\"><strong>Manta Ray\u00ae alternative anchors<\/strong><\/a>&nbsp;anchors, with the expertise and advice of&nbsp;<a class=\"link2\" href=\"http:\/\/www.jldinternational.com\/en\" target=\"_blank\" rel=\"noopener\"><strong>JLD International<\/strong><\/a>.<\/p>\n<p>All moorings are levitated, with no elements in contact with the seabed.<\/p>\n<p>Access to and use of buoys are governed by a set of&nbsp;<a class=\"link2\" href=\"https:\/\/www.mouillage-corse.com\/pdfs\/reglement_de_police.pdf\" target=\"_blank\" rel=\"noopener\"><strong>police regulations<\/strong><\/a>&nbsp;and&nbsp;<a class=\"link2\" href=\"https:\/\/www.mouillage-corse.com\/pdfs\/reglement-d-usage.pdf\" target=\"_blank\" rel=\"noopener\"><strong>rules of use<\/strong><\/a>&nbsp;.<\/p>\n<p>Think about&nbsp;<a class=\"link2\" href=\"https:\/\/www.mouillage-corse.com\/pdfs\/les_eco_gestes.pdf\" target=\"_blank\" rel=\"noopener\"><strong>Eco-gestures<\/strong><\/a>&nbsp;and respect&nbsp;<a class=\"link2\" href=\"https:\/\/www.mouillage-corse.com\/pdfs\/balisage_et_reglementation_de_la_commune.pdf\" target=\"_blank\" rel=\"noopener\"><strong>signposting<\/strong><\/a>&nbsp;of the commune.<\/p>\t\t\t\t\t\t<\/div>\n\t\t\t\t<\/div>\n\t\t\t\t\t<\/div>\n\t\t\t\t<\/div>\n\t\t\t\t<\/div>\n\t\t","protected":false},"excerpt":{"rendered":"<p>Development and management of\u00a0\u00a0for pleasure craft\u00a0have been organized since\u00a0the &#8220;coastal&#8221; law. \u00a0 The berths thus created are intended for seasonal parking and for accommodating boaters who are unable to find space in the harbors during the summer months.For their part, users have a more varied offering, also corresponding to a different type of boating. The [&hellip;]<\/p>\n","protected":false},"author":1,"featured_media":0,"parent":0,"menu_order":0,"comment_status":"closed","ping_status":"closed","template":"elementor_header_footer","meta":{"_acf_changed":false,"footnotes":""},"class_list":["post-432","page","type-page","status-publish","hentry"],"acf":[],"_links":{"self":[{"href":"https:\/\/www.mouillage-corse.com\/en\/wp-json\/wp\/v2\/pages\/432","targetHints":{"allow":["GET"]}}],"collection":[{"href":"https:\/\/www.mouillage-corse.com\/en\/wp-json\/wp\/v2\/pages"}],"about":[{"href":"https:\/\/www.mouillage-corse.com\/en\/wp-json\/wp\/v2\/types\/page"}],"author":[{"embeddable":true,"href":"https:\/\/www.mouillage-corse.com\/en\/wp-json\/wp\/v2\/users\/1"}],"replies":[{"embeddable":true,"href":"https:\/\/www.mouillage-corse.com\/en\/wp-json\/wp\/v2\/comments?post=432"}],"version-history":[{"count":5,"href":"https:\/\/www.mouillage-corse.com\/en\/wp-json\/wp\/v2\/pages\/432\/revisions"}],"predecessor-version":[{"id":464,"href":"https:\/\/www.mouillage-corse.com\/en\/wp-json\/wp\/v2\/pages\/432\/revisions\/464"}],"wp:attachment":[{"href":"https:\/\/www.mouillage-corse.com\/en\/wp-json\/wp\/v2\/media?parent=432"}],"curies":[{"name":"wp","href":"https:\/\/api.w.org\/{rel}","templated":true}]}}