{"id":364,"date":"2024-07-12T08:02:32","date_gmt":"2024-07-12T08:02:32","guid":{"rendered":"https:\/\/www.mouillage-corse.com\/informativa-sulla-privacy\/"},"modified":"2024-07-15T13:49:58","modified_gmt":"2024-07-15T13:49:58","slug":"informativa-sulla-privacy","status":"publish","type":"page","link":"http:\/\/www.mouillage-corse.com\/it\/informativa-sulla-privacy\/","title":{"rendered":"Informativa sulla privacy"},"content":{"rendered":"\t\t<div data-elementor-type=\"wp-page\" data-elementor-id=\"364\" class=\"elementor elementor-364 elementor-164\">\n\t\t\t\t<div class=\"elementor-element elementor-element-543ff74 e-flex e-con-boxed e-con e-parent\" data-id=\"543ff74\" data-element_type=\"container\">\n\t\t\t\t\t<div class=\"e-con-inner\">\n\t\t\t\t<div class=\"elementor-element elementor-element-3cd804a elementor-widget elementor-widget-heading\" data-id=\"3cd804a\" data-element_type=\"widget\" data-widget_type=\"heading.default\">\n\t\t\t\t<div class=\"elementor-widget-container\">\n\t\t\t<style>\/*! elementor - v3.23.0 - 25-07-2024 *\/\n.elementor-heading-title{padding:0;margin:0;line-height:1}.elementor-widget-heading .elementor-heading-title[class*=elementor-size-]>a{color:inherit;font-size:inherit;line-height:inherit}.elementor-widget-heading .elementor-heading-title.elementor-size-small{font-size:15px}.elementor-widget-heading .elementor-heading-title.elementor-size-medium{font-size:19px}.elementor-widget-heading .elementor-heading-title.elementor-size-large{font-size:29px}.elementor-widget-heading .elementor-heading-title.elementor-size-xl{font-size:39px}.elementor-widget-heading .elementor-heading-title.elementor-size-xxl{font-size:59px}<\/style><h2 class=\"elementor-heading-title elementor-size-default\">Informativa sulla privacy<\/h2>\t\t<\/div>\n\t\t\t\t<\/div>\n\t\t\t\t<div class=\"elementor-element elementor-element-61e4828 elementor-widget elementor-widget-text-editor\" data-id=\"61e4828\" data-element_type=\"widget\" data-widget_type=\"text-editor.default\">\n\t\t\t\t<div class=\"elementor-widget-container\">\n\t\t\t<style>\/*! elementor - v3.23.0 - 25-07-2024 *\/\n.elementor-widget-text-editor.elementor-drop-cap-view-stacked .elementor-drop-cap{background-color:#69727d;color:#fff}.elementor-widget-text-editor.elementor-drop-cap-view-framed .elementor-drop-cap{color:#69727d;border:3px solid;background-color:transparent}.elementor-widget-text-editor:not(.elementor-drop-cap-view-default) .elementor-drop-cap{margin-top:8px}.elementor-widget-text-editor:not(.elementor-drop-cap-view-default) .elementor-drop-cap-letter{width:1em;height:1em}.elementor-widget-text-editor .elementor-drop-cap{float:left;text-align:center;line-height:1;font-size:50px}.elementor-widget-text-editor .elementor-drop-cap-letter{display:inline-block}<\/style>\t\t\t\t<p>ARTICOLO 1: PREAMBOLO<\/p>\n<p>Lo scopo di questa politica di riservatezza \u00e8 quello di informare gli utenti del :<\/p>\n<p>Come vengono raccolti i loro dati personali. I dati personali comprendono tutte le informazioni che possono essere utilizzate per identificare un utente. Questo pu\u00f2 includere: nome e cognome, et\u00e0, indirizzo postale o e-mail, localit\u00e0 o indirizzo IP (elenco non esaustivo);<br \/>Sui loro diritti relativi a questi dati;<br \/>Chi \u00e8 responsabile del trattamento dei dati personali raccolti ed elaborati?<br \/>Destinatari dei dati personali;<br \/>La politica del sito sui cookie.<\/p>\n<p>La presente informativa integra le note legali e le Condizioni Generali d&#8217;Uso, che possono essere consultate dagli utenti al seguente indirizzo:<\/p>\n<p>ARTICOLO 2: PRINCIPI RELATIVI ALLA RACCOLTA E AL TRATTAMENTO DEI DATI PERSONALI<\/p>\n<p>Ai sensi dell&#8217;articolo 5 del Regolamento Europeo 2016\/679, i dati personali sono :<\/p>\n<p>Trattati in modo lecito, equo e trasparente nei confronti dell&#8217;interessato;<br \/>Raccolti per finalit\u00e0 specifiche, esplicite e legittime (vedi articolo 3.1) e non ulteriormente trattati in modo incompatibile con tali finalit\u00e0;<br \/>Adeguati, pertinenti e limitati a quanto necessario per le finalit\u00e0 per cui sono trattati;<br \/>Accurati e, se necessario, aggiornati. Devono essere adottate tutte le misure ragionevoli per garantire che i dati personali inesatti, tenuto conto delle finalit\u00e0 per cui sono trattati, siano cancellati o rettificati senza indugio;<br \/>Conservati in una forma che consenta l&#8217;identificazione degli interessati per un periodo di tempo non superiore a quello necessario per le finalit\u00e0 per cui sono trattati;<br \/>Trattati in modo da garantire un&#8217;adeguata sicurezza dei dati raccolti, compresa la protezione da trattamenti non autorizzati o illegali e da perdite, distruzioni o danni accidentali, utilizzando misure tecniche o organizzative adeguate.<\/p>\n<p>Il trattamento \u00e8 lecito solo se, e nella misura in cui, \u00e8 soddisfatta almeno una delle seguenti condizioni:<\/p>\n<p>L&#8217;interessato ha acconsentito al trattamento dei suoi dati personali per una o pi\u00f9 finalit\u00e0 specifiche;<br \/>Il trattamento \u00e8 necessario per l&#8217;esecuzione di un contratto di cui l&#8217;interessato \u00e8 parte o per l&#8217;esecuzione di misure precontrattuali adottate su richiesta dell&#8217;interessato;<br \/>Il trattamento \u00e8 necessario per adempiere a un obbligo legale a cui \u00e8 soggetto il titolare del trattamento;<br \/>Il trattamento \u00e8 necessario per proteggere gli interessi vitali dell&#8217;interessato o di un&#8217;altra persona fisica;<br \/>Il trattamento \u00e8 necessario per l&#8217;esecuzione di un compito svolto nell&#8217;interesse pubblico o nell&#8217;esercizio di pubblici poteri di cui \u00e8 investito il responsabile del trattamento;<br \/>Il trattamento \u00e8 necessario ai fini dei legittimi interessi perseguiti dal responsabile del trattamento o da una terza parte, a meno che non prevalgano gli interessi o i diritti e le libert\u00e0 fondamentali dell&#8217;interessato che richiedono la protezione dei dati personali, in particolare se l&#8217;interessato \u00e8 un bambino.<\/p>\n<p>ARTICOLO 3: DATI PERSONALI RACCOLTI E TRATTATI DURANTE LA NAVIGAZIONE DEL SITO<\/p>\n<p>Articolo 3.1: Dati raccolti<\/p>\n<p>Articolo 6.1. a) del GDPR L&#8217;interessato ha acconsentito al trattamento dei suoi dati per una o pi\u00f9 finalit\u00e0 specifiche.<\/p>\n<p>Articolo 6 1. b) del RGPD Il trattamento \u00e8 necessario per l&#8217;esecuzione di un contratto di cui l&#8217;interessato \u00e8 parte o per l&#8217;esecuzione di misure precontrattuali adottate su richiesta dell&#8217;interessato.<\/p>\n<p>Articolo 6. 1 c) del RGPD Il trattamento \u00e8 necessario per adempiere a un obbligo a cui \u00e8 soggetto il Titolare del trattamento (in particolare l&#8217;articolo L. 123-22 del Codice di Commercio francese, l&#8217;articolo L34-1 del Codice delle Poste e delle Comunicazioni Elettroniche francese).<\/p>\n<p>Articolo 6. 1. f) del RGPD Il trattamento \u00e8 necessario ai fini dei legittimi interessi perseguiti dal sito per migliorare la conoscenza dei propri Utenti, e con l&#8217;obiettivo di offrire una migliore esperienza d&#8217;uso.<\/p>\n<p>Identit\u00e0 e dati di contatto specifici dei clienti<\/p>\n<p>Questa raccolta viene utilizzata per :<\/p>\n<\/p>\n<p>Dati di utilizzo, compresi i cookie<\/p>\n<p>Produzione di statistiche sull&#8217;audience e sull&#8217;utilizzo. Numero di utenti, fonte, ecc. Articolo 6.1. . a,f<br \/>Retargeting, marketing. Articolo 6.1. . a,f<br \/>Migliorare il sito e l&#8217;esperienza dell&#8217;utente. Articolo 6.1. . a,f<\/p>\n<p>Articolo 3.2: Metodo di raccolta dei dati<\/p>\n<p>I dati personali vengono raccolti quando esegui le seguenti operazioni sulla piattaforma, se le accetti tramite lo strumento di raccolta dei cookie:<\/p>\n<p>Pixel di Facebook: ti permette di tracciare le azioni dei visitatori sul sito web e di vedere se ci sono conversioni.<\/p>\n<p>Google Analytics: essenziale per la gestione del nostro sito web, ci permette di misurare indicatori quali il traffico, i prodotti pi\u00f9 frequentemente consultati e la distribuzione geografica dei visitatori.<\/p>\n<p>Facebook Conversion Tracking: traccia le azioni dei visitatori sul sito web per vedere se effettuano acquisti o se compiono altre azioni legate al sito in cui si trovano.<\/p>\n<p>Facebook Custom Audiences: crea un pubblico personalizzato di utenti che hanno visitato o eseguito azioni specifiche sul tuo sito web e raggiungili con annunci personalizzati.<\/p>\n<p>Sono conservati dal titolare del trattamento in condizioni di ragionevole sicurezza per un periodo di : 24 mesi<\/p>\n<p>L&#8217;azienda pu\u00f2 conservare alcuni dati personali oltre i periodi sopra indicati al fine di adempiere ai propri obblighi legali o normativi.<\/p>\n<p>Articolo 3.3: Hosting dei dati<\/p>\n<p>Il sito \u00e8 ospitato da :<\/p>\n<p>OVH Groupe SA, societ\u00e0 iscritta al Registro del Commercio e delle Imprese di Lille con il numero 537 407 926 e con sede legale in 2, rue Kellermann, 59100 Roubaix.<\/p>\n<p>Articolo 3.4: Politica sui cookie<\/p>\n<p>Il Sito garantisce che i dati personali dell&#8217;Utente siano raccolti e trattati in conformit\u00e0 con la legge francese sulla protezione dei dati personali n. 78-17 del 6 gennaio 1978.<\/p>\n<p>Ai sensi della legge francese sulla protezione dei dati personali del 6 gennaio 1978, gli utenti hanno il diritto di accedere, rettificare, cancellare e opporsi ai propri dati personali. L&#8217;Utente esercita questo diritto:<\/p>\n<p>via e-mail a info@aztech-marine.com<\/p>\n<p>Qualsiasi utilizzo, riproduzione, distribuzione, commercializzazione o modifica di tutto o parte del Sito senza l&#8217;autorizzazione dell&#8217;Editore \u00e8 vietata e pu\u00f2 comportare azioni legali come previsto dal Codice della Propriet\u00e0 Intellettuale francese e dal Codice Civile francese.<\/p>\n<\/p>\n<p>Per ulteriori informazioni sulla protezione dei dati personali, ti invitiamo a consultare la Carta sulla protezione dei dati personali sul sito web cosmic-horror.shop, accessibile alla voce &#8220;Dati personali&#8221;.<\/p>\n<p>ARTICOLO 4: TITOLARE DEL TRATTAMENTO E RESPONSABILE DELLA PROTEZIONE DEI DATI<\/p>\n<p>Articolo 4.1: Il titolare del trattamento<\/p>\n<p>Raccolta di dati personali, Jean-Marc Rougier<\/p>\n<p>Il responsabile del trattamento dei dati pu\u00f2 essere contattato come segue:<\/p>\n<p>Per e-mail: info@aztech-marine.com<\/p>\n<p>Articolo 4.2: Il responsabile della protezione dei dati<\/p>\n<p>Il responsabile della protezione dei dati dell&#8217;azienda o la persona responsabile \u00e8 :<br \/>Jean-Marc Rougier<\/p>\n<p>info@aztech-marine.com<\/p>\n<p>Se, dopo averci contattato, ritieni che i tuoi diritti di &#8220;protezione dei dati&#8221; non siano stati rispettati, puoi inviare un reclamo alla CNIL.<\/p>\n<p>ARTICOLO 5: DIRITTI DELL&#8217;UTENTE IN RELAZIONE ALLA RACCOLTA E AL TRATTAMENTO DEI DATI<\/p>\n<p>Tutti gli utenti interessati dal trattamento dei propri dati personali possono avvalersi dei seguenti diritti, ai sensi del Regolamento Europeo 2016\/679 e della Legge sulla Protezione dei Dati (Legge 78-17 del 6 gennaio 1978):<\/p>\n<p>Diritto di accesso, rettifica e cancellazione dei dati (previsti rispettivamente dagli articoli 15, 16 e 17 del RGPD);<\/p>\n<p>Diritto alla portabilit\u00e0 dei dati (articolo 20 del RGPD) ;<\/p>\n<p>Diritto di limitazione (articolo 18 del RGPD) e di opposizione al trattamento dei dati (articolo 21 del RGPD);<\/p>\n<p>Diritto di non essere sottoposto a una decisione basata esclusivamente su un processo automatizzato;<\/p>\n<p>Diritto di determinare il destino dei dati dopo la morte ;<\/p>\n<p>Diritto di adire l&#8217;autorit\u00e0 di vigilanza competente (articolo 77 del RGPD).<\/p>\n<p>Per esercitare i tuoi diritti, invia un&#8217;e-mail a info@aztech-marine.com.<\/p>\n<p>Affinch\u00e9 il titolare del trattamento possa soddisfare una richiesta, all&#8217;utente potrebbe essere richiesto di fornire alcune informazioni, come il nome e il cognome e l&#8217;indirizzo e-mail.<\/p>\n<p>Visita il sito cnil.fr per maggiori informazioni sui tuoi diritti.<\/p>\n<p>ARTICOLO 6: CONDIZIONI PER LA MODIFICA DELL&#8217;INFORMATIVA SULLA PRIVACY<\/p>\n<p>L&#8217;editore del sito si riserva il diritto di modificare la presente Politica in qualsiasi momento al fine di garantire che gli utenti del sito rispettino la legislazione vigente.<\/p>\n\t\t\t\t\t\t<\/div>\n\t\t\t\t<\/div>\n\t\t\t\t\t<\/div>\n\t\t\t\t<\/div>\n\t\t\t\t<\/div>\n\t\t","protected":false},"excerpt":{"rendered":"<p>Informativa sulla privacy ARTICOLO 1: PREAMBOLO Lo scopo di questa politica di riservatezza \u00e8 quello di informare gli utenti del : Come vengono raccolti i loro dati personali. I dati personali comprendono tutte le informazioni che possono essere utilizzate per identificare un utente. Questo pu\u00f2 includere: nome e cognome, et\u00e0, indirizzo postale o e-mail, localit\u00e0 [&hellip;]<\/p>\n","protected":false},"author":1,"featured_media":0,"parent":0,"menu_order":0,"comment_status":"closed","ping_status":"closed","template":"elementor_header_footer","meta":{"_acf_changed":false,"footnotes":""},"class_list":["post-364","page","type-page","status-publish","hentry"],"acf":[],"_links":{"self":[{"href":"http:\/\/www.mouillage-corse.com\/it\/wp-json\/wp\/v2\/pages\/364","targetHints":{"allow":["GET"]}}],"collection":[{"href":"http:\/\/www.mouillage-corse.com\/it\/wp-json\/wp\/v2\/pages"}],"about":[{"href":"http:\/\/www.mouillage-corse.com\/it\/wp-json\/wp\/v2\/types\/page"}],"author":[{"embeddable":true,"href":"http:\/\/www.mouillage-corse.com\/it\/wp-json\/wp\/v2\/users\/1"}],"replies":[{"embeddable":true,"href":"http:\/\/www.mouillage-corse.com\/it\/wp-json\/wp\/v2\/comments?post=364"}],"version-history":[{"count":2,"href":"http:\/\/www.mouillage-corse.com\/it\/wp-json\/wp\/v2\/pages\/364\/revisions"}],"predecessor-version":[{"id":366,"href":"http:\/\/www.mouillage-corse.com\/it\/wp-json\/wp\/v2\/pages\/364\/revisions\/366"}],"wp:attachment":[{"href":"http:\/\/www.mouillage-corse.com\/it\/wp-json\/wp\/v2\/media?parent=364"}],"curies":[{"name":"wp","href":"https:\/\/api.w.org\/{rel}","templated":true}]}}