{"id":445,"date":"2024-05-03T10:22:26","date_gmt":"2024-05-03T10:22:26","guid":{"rendered":"https:\/\/www.mouillage-corse.com\/homepage\/"},"modified":"2024-07-15T13:50:33","modified_gmt":"2024-07-15T13:50:33","slug":"homepage","status":"publish","type":"page","link":"http:\/\/www.mouillage-corse.com\/en\/","title":{"rendered":"Homepage"},"content":{"rendered":"\t\t<div data-elementor-type=\"wp-page\" data-elementor-id=\"445\" class=\"elementor elementor-445 elementor-39\">\n\t\t\t\t<div class=\"elementor-element elementor-element-02cb4ac e-flex e-con-boxed e-con e-parent\" data-id=\"02cb4ac\" data-element_type=\"container\" data-settings=\"{&quot;background_background&quot;:&quot;classic&quot;}\">\n\t\t\t\t\t<div class=\"e-con-inner\">\n\t\t\t\t<div class=\"elementor-element elementor-element-49e6397 elementor-widget elementor-widget-heading\" data-id=\"49e6397\" data-element_type=\"widget\" data-widget_type=\"heading.default\">\n\t\t\t\t<div class=\"elementor-widget-container\">\n\t\t\t<style>\/*! elementor - v3.23.0 - 25-07-2024 *\/\n.elementor-heading-title{padding:0;margin:0;line-height:1}.elementor-widget-heading .elementor-heading-title[class*=elementor-size-]>a{color:inherit;font-size:inherit;line-height:inherit}.elementor-widget-heading .elementor-heading-title.elementor-size-small{font-size:15px}.elementor-widget-heading .elementor-heading-title.elementor-size-medium{font-size:19px}.elementor-widget-heading .elementor-heading-title.elementor-size-large{font-size:29px}.elementor-widget-heading .elementor-heading-title.elementor-size-xl{font-size:39px}.elementor-widget-heading .elementor-heading-title.elementor-size-xxl{font-size:59px}<\/style><h1 class=\"elementor-heading-title elementor-size-default\">ORGANIZED MOORING<br>  DE SANTA GIULIA ZONE N\u00b03<\/h1>\t\t<\/div>\n\t\t\t\t<\/div>\n\t\t\t\t<div class=\"elementor-element elementor-element-f08b01b elementor-align-left elementor-widget elementor-widget-raven-button\" data-id=\"f08b01b\" data-element_type=\"widget\" data-settings=\"{&quot;turn_to_popup_action_button&quot;:&quot;no&quot;}\" data-widget_type=\"raven-button.default\">\n\t\t\t\t<div class=\"elementor-widget-container\">\n\t\t\t\t\t<div class=\"raven-widget-wrapper\">\n\t\t\t<a class=\"raven-button raven-button-widget-normal-effect-none elementor-button raven-button-text-align-left raven-button-link elementor-animation-none\" href=\"https:\/\/santagiulia.smartwaters.com\/index.html\" target=\"_blank\">\t\t\t\t<div class=\"raven-button-overlay\" ><\/div>\n\t\t\t\t<span class=\"raven-button-content\">\n\t\t\t\t\t\n\t\t\t\t\t<div class=\"button-text-container\">\n\t\t\t\t\t\t\t\t\t\t\t\t<div class=\"raven-button-texts-wrapper\">\n\t\t\t\t\t\t\t<div class=\"button-text\">\n\t\t\t\t\t\t\t\t<span class=\"raven-button-text\">\n\t\t\t\t\t\t\t\t\tBook my mooring\t\t\t\t\t\t\t\t<\/span>\n\t\t\t\t\t\t\t<\/div>\n\t\t\t\t\t\t\t\t\t\t\t\t\t<\/div>\n\t\t\t\t\t\t\t\t\t\t\t<\/div>\n\t\t\t\t\t\n\t\t\t\t\t\t\t\t\t<\/span>\n\t\t\t<\/a>\t\t<\/div>\n\t\t\t\t<\/div>\n\t\t\t\t<\/div>\n\t\t\t\t<div class=\"elementor-element elementor-element-602a625 elementor-widget elementor-widget-heading\" data-id=\"602a625\" data-element_type=\"widget\" data-widget_type=\"heading.default\">\n\t\t\t\t<div class=\"elementor-widget-container\">\n\t\t\t<h2 class=\"elementor-heading-title elementor-size-default\">Santa Giulia  <br>\n(+33) 679 301 222 \/ VHF 09<\/h2>\t\t<\/div>\n\t\t\t\t<\/div>\n\t\t\t\t\t<\/div>\n\t\t\t\t<\/div>\n\t\t<div class=\"elementor-element elementor-element-172b08f e-flex e-con-boxed e-con e-parent\" data-id=\"172b08f\" data-element_type=\"container\">\n\t\t\t\t\t<div class=\"e-con-inner\">\n\t\t<div class=\"elementor-element elementor-element-9909011 e-con-full e-flex e-con e-child\" data-id=\"9909011\" data-element_type=\"container\">\n\t\t\t\t<div class=\"elementor-element elementor-element-30a69e08 elementor-tablet-align-left elementor-mobile-align-left elementor-align-left elementor-widget elementor-widget-raven-heading\" data-id=\"30a69e08\" data-element_type=\"widget\" data-widget_type=\"raven-heading.default\">\n\t\t\t\t<div class=\"elementor-widget-container\">\n\t\t\t\t\t<div class=\"raven-widget-wrapper\"><h4 class=\"raven-heading raven-heading-h4\"><span class=\"raven-heading-title \">Unique in the region!\n<\/span><\/h4><\/div>\n\t\t\t\t<\/div>\n\t\t\t\t<\/div>\n\t\t\t\t<div class=\"elementor-element elementor-element-331fa65 elementor-tablet-align-left elementor-mobile-align-left elementor-align-left elementor-widget elementor-widget-raven-heading\" data-id=\"331fa65\" data-element_type=\"widget\" data-widget_type=\"raven-heading.default\">\n\t\t\t\t<div class=\"elementor-widget-container\">\n\t\t\t\t\t<div class=\"raven-widget-wrapper\"><h3 class=\"raven-heading raven-heading-h3\"><span class=\"raven-heading-title \">Welcome to our zone\neco-compatible wetting systems<\/span><\/h3><\/div>\n\t\t\t\t<\/div>\n\t\t\t\t<\/div>\n\t\t\t\t<div class=\"elementor-element elementor-element-17867b1b elementor-widget elementor-widget-text-editor\" data-id=\"17867b1b\" data-element_type=\"widget\" data-widget_type=\"text-editor.default\">\n\t\t\t\t<div class=\"elementor-widget-container\">\n\t\t\t<style>\/*! elementor - v3.23.0 - 25-07-2024 *\/\n.elementor-widget-text-editor.elementor-drop-cap-view-stacked .elementor-drop-cap{background-color:#69727d;color:#fff}.elementor-widget-text-editor.elementor-drop-cap-view-framed .elementor-drop-cap{color:#69727d;border:3px solid;background-color:transparent}.elementor-widget-text-editor:not(.elementor-drop-cap-view-default) .elementor-drop-cap{margin-top:8px}.elementor-widget-text-editor:not(.elementor-drop-cap-view-default) .elementor-drop-cap-letter{width:1em;height:1em}.elementor-widget-text-editor .elementor-drop-cap{float:left;text-align:center;line-height:1;font-size:50px}.elementor-widget-text-editor .elementor-drop-cap-letter{display:inline-block}<\/style>\t\t\t\t<p><strong>Night stopover buoys<\/strong><br \/>Arrival: No earlier than 4:00 p.m.  <\/p>\n<p>Departure: No later than 11:00 a.m.<\/p>\n<p><strong>One-day stopover buoys (1\/2 price)<\/strong><br \/>Arrival : From 11h00<\/p>\n<p><span style=\"color: var( --e-global-color-text ); letter-spacing: var( --e-global-typography-text-letter-spacing ); text-align: var(--text-align); word-spacing: var( --e-global-typography-text-word-spacing );\">Departure: No later than 4:00 p.m.<\/span><\/p>\n<p><strong>Shuttle<\/strong> <\/p>\n<p>Courtesy service open from 9:00 a.m. to 7:00 p.m. in high season (no cabs).<\/p>\n\t\t\t\t\t\t<\/div>\n\t\t\t\t<\/div>\n\t\t\t\t<\/div>\n\t\t<div class=\"elementor-element elementor-element-b0dff02 e-con-full e-flex e-con e-child\" data-id=\"b0dff02\" data-element_type=\"container\">\n\t\t\t\t<div class=\"elementor-element elementor-element-213f1fdc elementor-widget elementor-widget-text-editor\" data-id=\"213f1fdc\" data-element_type=\"widget\" data-widget_type=\"text-editor.default\">\n\t\t\t\t<div class=\"elementor-widget-container\">\n\t\t\t\t\t\t\t<h6>Santa Giulia Bay<br \/>GPS &#8211; N 41\u00b031&#8217;24.67&#8221; \/ E9\u00b0 16&#8217;33.914&#8221;<\/h6>\n\t\t\t\t\t\t<\/div>\n\t\t\t\t<\/div>\n\t\t\t\t<div class=\"elementor-element elementor-element-abd69bb elementor-widget elementor-widget-image\" data-id=\"abd69bb\" data-element_type=\"widget\" data-widget_type=\"image.default\">\n\t\t\t\t<div class=\"elementor-widget-container\">\n\t\t\t<style>\/*! elementor - v3.23.0 - 25-07-2024 *\/\n.elementor-widget-image{text-align:center}.elementor-widget-image a{display:inline-block}.elementor-widget-image a img[src$=\".svg\"]{width:48px}.elementor-widget-image img{vertical-align:middle;display:inline-block}<\/style>\t\t\t\t\t\t\t\t\t\t\t<a href=\"http:\/\/www.mouillage-corse.com\/wp-content\/uploads\/2024\/05\/mouillage-baie-de-santa-giulia.jpg\" data-elementor-open-lightbox=\"yes\" data-elementor-lightbox-title=\"mouillage baie de santa giulia\" data-e-action-hash=\"#elementor-action%3Aaction%3Dlightbox%26settings%3DeyJpZCI6NzQsInVybCI6Imh0dHA6XC9cL3d3dy5tb3VpbGxhZ2UtY29yc2UuY29tXC93cC1jb250ZW50XC91cGxvYWRzXC8yMDI0XC8wNVwvbW91aWxsYWdlLWJhaWUtZGUtc2FudGEtZ2l1bGlhLmpwZyJ9\">\n\t\t\t\t\t\t\t<img fetchpriority=\"high\" decoding=\"async\" width=\"1920\" height=\"1467\" src=\"http:\/\/www.mouillage-corse.com\/wp-content\/uploads\/2024\/05\/mouillage-baie-de-santa-giulia.jpg\" class=\"attachment-full size-full wp-image-74\" alt=\"\" srcset=\"http:\/\/www.mouillage-corse.com\/wp-content\/uploads\/2024\/05\/mouillage-baie-de-santa-giulia.jpg 1920w, http:\/\/www.mouillage-corse.com\/wp-content\/uploads\/2024\/05\/mouillage-baie-de-santa-giulia-300x229.jpg 300w, http:\/\/www.mouillage-corse.com\/wp-content\/uploads\/2024\/05\/mouillage-baie-de-santa-giulia-1024x782.jpg 1024w, http:\/\/www.mouillage-corse.com\/wp-content\/uploads\/2024\/05\/mouillage-baie-de-santa-giulia-768x587.jpg 768w, http:\/\/www.mouillage-corse.com\/wp-content\/uploads\/2024\/05\/mouillage-baie-de-santa-giulia-1536x1174.jpg 1536w\" sizes=\"(max-width: 1920px) 100vw, 1920px\" \/>\t\t\t\t\t\t\t\t<\/a>\n\t\t\t\t\t\t\t\t\t\t\t\t\t<\/div>\n\t\t\t\t<\/div>\n\t\t\t\t<div class=\"elementor-element elementor-element-cb1007c elementor-widget elementor-widget-raven-alert\" data-id=\"cb1007c\" data-element_type=\"widget\" data-widget_type=\"raven-alert.default\">\n\t\t\t\t<div class=\"elementor-widget-container\">\n\t\t\t\t\t<div class=\"raven-widget-wrapper raven-flex\">\n\t\t\t<div class=\"raven-alert raven-alert-success raven-flex raven-flex-top raven-flex-none\" role=\"alert\">\n\t\t\t\t\t\t<div class=\"raven-alert-icon\">\n\t\t<svg aria-hidden=\"true\" class=\"e-font-icon-svg e-fas-info-circle\" viewBox=\"0 0 512 512\" xmlns=\"http:\/\/www.w3.org\/2000\/svg\"><path d=\"M256 8C119.043 8 8 119.083 8 256c0 136.997 111.043 248 248 248s248-111.003 248-248C504 119.083 392.957 8 256 8zm0 110c23.196 0 42 18.804 42 42s-18.804 42-42 42-42-18.804-42-42 18.804-42 42-42zm56 254c0 6.627-5.373 12-12 12h-88c-6.627 0-12-5.373-12-12v-24c0-6.627 5.373-12 12-12h12v-64h-12c-6.627 0-12-5.373-12-12v-24c0-6.627 5.373-12 12-12h64c6.627 0 12 5.373 12 12v100h12c6.627 0 12 5.373 12 12v24z\"><\/path><\/svg>\t\t<\/div>\n\t\t\t\t<div class=\"raven-alert-content\">\n\t\t\t<div class=\"raven-alert-title\">Our mooring area is eco-friendly.<\/div>\n\t\t\t\t\t\t\t<div class=\"raven-alert-description\"><p>Our anchors have no concrete or elements in contact with the bottom. The substrate and its ecosystem are thus preserved.<\/p>\n<\/div>\n\t\t\t\t\t<\/div>\n\t\t\t\t\t<\/div>\n\t\t<\/div>\n\t\t\t\t<\/div>\n\t\t\t\t<\/div>\n\t\t\t\t<\/div>\n\t\t\t\t\t<\/div>\n\t\t\t\t<\/div>\n\t\t<div class=\"elementor-element elementor-element-b7338c6 e-flex e-con-boxed e-con e-parent\" data-id=\"b7338c6\" data-element_type=\"container\">\n\t\t\t\t\t<div class=\"e-con-inner\">\n\t\t\t\t<div class=\"elementor-element elementor-element-28b33aa elementor-align-justify elementor-widget elementor-widget-raven-button\" data-id=\"28b33aa\" data-element_type=\"widget\" data-settings=\"{&quot;turn_to_popup_action_button&quot;:&quot;no&quot;}\" data-widget_type=\"raven-button.default\">\n\t\t\t\t<div class=\"elementor-widget-container\">\n\t\t\t\t\t<div class=\"raven-widget-wrapper\">\n\t\t\t<a class=\"raven-button raven-button-widget-normal-effect-none elementor-button raven-button-text-align-center raven-button-link elementor-animation-none\" href=\"https:\/\/santagiulia.smartwaters.com\/index.html\" target=\"_blank\">\t\t\t\t<div class=\"raven-button-overlay\" ><\/div>\n\t\t\t\t<span class=\"raven-button-content\">\n\t\t\t\t\t\n\t\t\t\t\t<div class=\"button-text-container\">\n\t\t\t\t\t\t\t\t\t\t\t\t<div class=\"raven-button-texts-wrapper\">\n\t\t\t\t\t\t\t<div class=\"button-text\">\n\t\t\t\t\t\t\t\t<span class=\"raven-button-text\">\n\t\t\t\t\t\t\t\t\tBook my mooring\t\t\t\t\t\t\t\t<\/span>\n\t\t\t\t\t\t\t<\/div>\n\t\t\t\t\t\t\t\t\t\t\t\t\t<\/div>\n\t\t\t\t\t\t\t\t\t\t\t<\/div>\n\t\t\t\t\t\n\t\t\t\t\t\t\t\t\t<\/span>\n\t\t\t<\/a>\t\t<\/div>\n\t\t\t\t<\/div>\n\t\t\t\t<\/div>\n\t\t\t\t\t<\/div>\n\t\t\t\t<\/div>\n\t\t<div class=\"elementor-element elementor-element-ed6c4cc e-flex e-con-boxed e-con e-parent\" data-id=\"ed6c4cc\" data-element_type=\"container\">\n\t\t\t\t\t<div class=\"e-con-inner\">\n\t\t\t\t<div class=\"elementor-element elementor-element-4cae510 elementor-widget elementor-widget-spacer\" data-id=\"4cae510\" data-element_type=\"widget\" data-widget_type=\"spacer.default\">\n\t\t\t\t<div class=\"elementor-widget-container\">\n\t\t\t<style>\/*! elementor - v3.23.0 - 25-07-2024 *\/\n.elementor-column .elementor-spacer-inner{height:var(--spacer-size)}.e-con{--container-widget-width:100%}.e-con-inner>.elementor-widget-spacer,.e-con>.elementor-widget-spacer{width:var(--container-widget-width,var(--spacer-size));--align-self:var(--container-widget-align-self,initial);--flex-shrink:0}.e-con-inner>.elementor-widget-spacer>.elementor-widget-container,.e-con>.elementor-widget-spacer>.elementor-widget-container{height:100%;width:100%}.e-con-inner>.elementor-widget-spacer>.elementor-widget-container>.elementor-spacer,.e-con>.elementor-widget-spacer>.elementor-widget-container>.elementor-spacer{height:100%}.e-con-inner>.elementor-widget-spacer>.elementor-widget-container>.elementor-spacer>.elementor-spacer-inner,.e-con>.elementor-widget-spacer>.elementor-widget-container>.elementor-spacer>.elementor-spacer-inner{height:var(--container-widget-height,var(--spacer-size))}.e-con-inner>.elementor-widget-spacer.elementor-widget-empty,.e-con>.elementor-widget-spacer.elementor-widget-empty{position:relative;min-height:22px;min-width:22px}.e-con-inner>.elementor-widget-spacer.elementor-widget-empty .elementor-widget-empty-icon,.e-con>.elementor-widget-spacer.elementor-widget-empty .elementor-widget-empty-icon{position:absolute;top:0;bottom:0;left:0;right:0;margin:auto;padding:0;width:22px;height:22px}<\/style>\t\t<div class=\"elementor-spacer\">\n\t\t\t<div class=\"elementor-spacer-inner\"><\/div>\n\t\t<\/div>\n\t\t\t\t<\/div>\n\t\t\t\t<\/div>\n\t\t\t\t<div class=\"elementor-element elementor-element-3b8e5a2 elementor-widget elementor-widget-text-editor\" data-id=\"3b8e5a2\" data-element_type=\"widget\" data-widget_type=\"text-editor.default\">\n\t\t\t\t<div class=\"elementor-widget-container\">\n\t\t\t\t\t\t\t<h5>Maritime regulations<\/h5>\n<p>3 organized anchorage areas (Interpretation order no. 2A-2022-25 dated February 21, 2022)<\/p>\n<p>Within the 300m coastal strip, the movement and anchoring of ships is prohibited. Access must be restricted to the marked channels. The speed limit is 5nds (Arr\u00eat\u00e9 pr\u00e9fectoral n\u00b0 097\/2021 du 18 mai 2021).<\/p>\n\t\t\t\t\t\t<\/div>\n\t\t\t\t<\/div>\n\t\t\t\t<div class=\"elementor-element elementor-element-0cfc6f3 elementor-widget elementor-widget-text-editor\" data-id=\"0cfc6f3\" data-element_type=\"widget\" data-widget_type=\"text-editor.default\">\n\t\t\t\t<div class=\"elementor-widget-container\">\n\t\t\t\t\t\t\t<h5>Extract from the regulations<\/h5>\n<p>When you arrive, make yourself known to the manager. We&#8217;ll show you an available buoy suitable for your boat.<br \/>The fee is payable in advance on the basis of the vessel&#8217;s overall length. The position is allocated according to the duration declared on arrival. Requests for extensions are subject to availability. If night and day stopover times are exceeded, the appropriate fee will be charged.<br \/>All commercial use must be declared, and is subject to specific conditions and rates.<\/p>\n\t\t\t\t\t\t<\/div>\n\t\t\t\t<\/div>\n\t\t\t\t\t<\/div>\n\t\t\t\t<\/div>\n\t\t<div class=\"elementor-element elementor-element-2488b01b e-flex e-con-boxed e-con e-parent\" data-id=\"2488b01b\" data-element_type=\"container\">\n\t\t\t\t\t<div class=\"e-con-inner\">\n\t\t<div class=\"elementor-element elementor-element-157faa73 e-con-full e-flex e-con e-child\" data-id=\"157faa73\" data-element_type=\"container\">\n\t\t\t\t<div class=\"elementor-element elementor-element-5aa1b41e elementor-tablet-align-left elementor-align-left elementor-widget elementor-widget-raven-heading\" data-id=\"5aa1b41e\" data-element_type=\"widget\" data-widget_type=\"raven-heading.default\">\n\t\t\t\t<div class=\"elementor-widget-container\">\n\t\t\t\t\t<div class=\"raven-widget-wrapper\"><h2 class=\"raven-heading raven-heading-h2\"><span class=\"raven-heading-title \">2024 season rates<\/span><\/h2><\/div>\n\t\t\t\t<\/div>\n\t\t\t\t<\/div>\n\t\t\t\t<div class=\"elementor-element elementor-element-318d982 elementor-widget elementor-widget-image\" data-id=\"318d982\" data-element_type=\"widget\" data-widget_type=\"image.default\">\n\t\t\t\t<div class=\"elementor-widget-container\">\n\t\t\t\t\t\t\t\t\t\t\t\t\t\t<a href=\"http:\/\/www.mouillage-corse.com\/wp-content\/uploads\/2024\/07\/tarif-Santa-Giulia-2024-AZ-Tech-scaled.jpg\" data-elementor-open-lightbox=\"yes\" data-elementor-lightbox-title=\"tarif Santa Giulia 2024 - AZ Tech\" data-e-action-hash=\"#elementor-action%3Aaction%3Dlightbox%26settings%3DeyJpZCI6MTIxLCJ1cmwiOiJodHRwOlwvXC93d3cubW91aWxsYWdlLWNvcnNlLmNvbVwvd3AtY29udGVudFwvdXBsb2Fkc1wvMjAyNFwvMDdcL3RhcmlmLVNhbnRhLUdpdWxpYS0yMDI0LUFaLVRlY2gtc2NhbGVkLmpwZyJ9\">\n\t\t\t\t\t\t\t<img decoding=\"async\" width=\"2560\" height=\"965\" src=\"http:\/\/www.mouillage-corse.com\/wp-content\/uploads\/2024\/07\/tarif-Santa-Giulia-2024-AZ-Tech-scaled.jpg\" class=\"attachment-full size-full wp-image-121\" alt=\"\" srcset=\"http:\/\/www.mouillage-corse.com\/wp-content\/uploads\/2024\/07\/tarif-Santa-Giulia-2024-AZ-Tech-scaled.jpg 2560w, http:\/\/www.mouillage-corse.com\/wp-content\/uploads\/2024\/07\/tarif-Santa-Giulia-2024-AZ-Tech-300x113.jpg 300w, http:\/\/www.mouillage-corse.com\/wp-content\/uploads\/2024\/07\/tarif-Santa-Giulia-2024-AZ-Tech-1024x386.jpg 1024w, http:\/\/www.mouillage-corse.com\/wp-content\/uploads\/2024\/07\/tarif-Santa-Giulia-2024-AZ-Tech-768x290.jpg 768w, http:\/\/www.mouillage-corse.com\/wp-content\/uploads\/2024\/07\/tarif-Santa-Giulia-2024-AZ-Tech-1536x579.jpg 1536w, http:\/\/www.mouillage-corse.com\/wp-content\/uploads\/2024\/07\/tarif-Santa-Giulia-2024-AZ-Tech-2048x772.jpg 2048w\" sizes=\"(max-width: 2560px) 100vw, 2560px\" \/>\t\t\t\t\t\t\t\t<\/a>\n\t\t\t\t\t\t\t\t\t\t\t\t\t<\/div>\n\t\t\t\t<\/div>\n\t\t\t\t<\/div>\n\t\t\t\t\t<\/div>\n\t\t\t\t<\/div>\n\t\t<div class=\"elementor-element elementor-element-a902ccf e-flex e-con-boxed e-con e-parent\" data-id=\"a902ccf\" data-element_type=\"container\">\n\t\t\t\t\t<div class=\"e-con-inner\">\n\t\t\t\t<div class=\"elementor-element elementor-element-9090f3f elementor-widget elementor-widget-spacer\" data-id=\"9090f3f\" data-element_type=\"widget\" data-widget_type=\"spacer.default\">\n\t\t\t\t<div class=\"elementor-widget-container\">\n\t\t\t\t\t<div class=\"elementor-spacer\">\n\t\t\t<div class=\"elementor-spacer-inner\"><\/div>\n\t\t<\/div>\n\t\t\t\t<\/div>\n\t\t\t\t<\/div>\n\t\t\t\t\t<\/div>\n\t\t\t\t<\/div>\n\t\t<div class=\"elementor-element elementor-element-1adc0cf e-flex e-con-boxed e-con e-parent\" data-id=\"1adc0cf\" data-element_type=\"container\">\n\t\t\t\t\t<div class=\"e-con-inner\">\n\t\t\t\t<div class=\"elementor-element elementor-element-16f79ae elementor-widget elementor-widget-spacer\" data-id=\"16f79ae\" data-element_type=\"widget\" data-widget_type=\"spacer.default\">\n\t\t\t\t<div class=\"elementor-widget-container\">\n\t\t\t\t\t<div class=\"elementor-spacer\">\n\t\t\t<div class=\"elementor-spacer-inner\"><\/div>\n\t\t<\/div>\n\t\t\t\t<\/div>\n\t\t\t\t<\/div>\n\t\t\t\t\t<\/div>\n\t\t\t\t<\/div>\n\t\t\t\t<\/div>\n\t\t","protected":false},"excerpt":{"rendered":"<p>ORGANIZED MOORING DE SANTA GIULIA ZONE N\u00b03 Book my mooring Santa Giulia (+33) 679 301 222 \/ VHF 09 Unique in the region! Welcome to our zone eco-compatible wetting systems Night stopover buoysArrival: No earlier than 4:00 p.m. Departure: No later than 11:00 a.m. One-day stopover buoys (1\/2 price)Arrival : From 11h00 Departure: No later [&hellip;]<\/p>\n","protected":false},"author":1,"featured_media":0,"parent":0,"menu_order":0,"comment_status":"closed","ping_status":"closed","template":"full-width.php","meta":{"_acf_changed":false,"footnotes":""},"class_list":["post-445","page","type-page","status-publish","hentry"],"acf":[],"_links":{"self":[{"href":"http:\/\/www.mouillage-corse.com\/en\/wp-json\/wp\/v2\/pages\/445","targetHints":{"allow":["GET"]}}],"collection":[{"href":"http:\/\/www.mouillage-corse.com\/en\/wp-json\/wp\/v2\/pages"}],"about":[{"href":"http:\/\/www.mouillage-corse.com\/en\/wp-json\/wp\/v2\/types\/page"}],"author":[{"embeddable":true,"href":"http:\/\/www.mouillage-corse.com\/en\/wp-json\/wp\/v2\/users\/1"}],"replies":[{"embeddable":true,"href":"http:\/\/www.mouillage-corse.com\/en\/wp-json\/wp\/v2\/comments?post=445"}],"version-history":[{"count":2,"href":"http:\/\/www.mouillage-corse.com\/en\/wp-json\/wp\/v2\/pages\/445\/revisions"}],"predecessor-version":[{"id":448,"href":"http:\/\/www.mouillage-corse.com\/en\/wp-json\/wp\/v2\/pages\/445\/revisions\/448"}],"wp:attachment":[{"href":"http:\/\/www.mouillage-corse.com\/en\/wp-json\/wp\/v2\/media?parent=445"}],"curies":[{"name":"wp","href":"https:\/\/api.w.org\/{rel}","templated":true}]}}